{"id":13,"date":"2018-04-17T19:34:17","date_gmt":"2018-04-17T19:34:17","guid":{"rendered":"https:\/\/teletul.com\/web\/?page_id=13"},"modified":"2025-01-13T23:01:27","modified_gmt":"2025-01-13T23:01:27","slug":"inicio","status":"publish","type":"page","link":"https:\/\/teletul.com\/web\/","title":{"rendered":"Inicio"},"content":{"rendered":"<div id=\"tdi_1_38f\" class=\"tdc-zone\"><div class=\"tdc_zone tdi_2_1d1  wpb_row td-pb-row\"  >\n<style scoped>\n\n\/* custom css *\/\n.tdi_2_1d1{\r\n                    min-height: 0;\r\n                }\n<\/style><div id=\"tdi_3_7ff\" class=\"tdc-row\"><div class=\"vc_row tdi_4_dcf  wpb_row td-pb-row\" >\n<style scoped>\n\n\/* custom css *\/\n.tdi_4_dcf{\r\n                    min-height: 0;\r\n                }\n<\/style><div class=\"vc_column tdi_6_165  wpb_column vc_column_container tdc-column td-pb-span12\">\n<style scoped>\n\n\/* custom css *\/\n.tdi_6_165{\r\n                    vertical-align: baseline;\r\n                }\n<\/style><div class=\"wpb_wrapper\"><div class=\"wpb_wrapper td_block_wrap vc_raw_html tdi_8_9c9 \"><div class=\"td-fix-index\"><p><img loading=\"lazy\" decoding=\"async\" style=\"display: block; margin-left: auto; margin-right: auto;\" src=\"https:\/\/teletul.com\/web\/wp-content\/uploads\/2020\/02\/banner-logos3sinestrella.jpg\" width=\"1200\" height=\"135\" \/><\/p><\/div><\/div><\/div><\/div><\/div><\/div><div id=\"tdi_9_818\" class=\"tdc-row\"><div class=\"vc_row tdi_10_1f1  wpb_row td-pb-row\" >\n<style scoped>\n\n\/* custom css *\/\n.tdi_10_1f1{\r\n                    min-height: 0;\r\n                }\n<\/style><div class=\"vc_column tdi_12_939  wpb_column vc_column_container tdc-column td-pb-span4\">\n<style scoped>\n\n\/* custom css *\/\n.tdi_12_939{\r\n                    vertical-align: baseline;\r\n                }\n<\/style><div class=\"wpb_wrapper\"><\/div><\/div><div class=\"vc_column tdi_14_ef9  wpb_column vc_column_container tdc-column td-pb-span4\">\n<style scoped>\n\n\/* custom css *\/\n.tdi_14_ef9{\r\n                    vertical-align: baseline;\r\n                }\n<\/style><div class=\"wpb_wrapper\"><\/div><\/div><div class=\"vc_column tdi_16_666  wpb_column vc_column_container tdc-column td-pb-span4\">\n<style scoped>\n\n\/* custom css *\/\n.tdi_16_666{\r\n                    vertical-align: baseline;\r\n                }\n<\/style><div class=\"wpb_wrapper\"><\/div><\/div><\/div><\/div><div id=\"tdi_17_f31\" class=\"tdc-row\"><div class=\"vc_row tdi_18_f99  wpb_row td-pb-row\" >\n<style scoped>\n\n\/* custom css *\/\n.tdi_18_f99{\r\n                    min-height: 0;\r\n                }\n<\/style><div class=\"vc_column tdi_20_158  wpb_column vc_column_container tdc-column td-pb-span4\">\n<style scoped>\n\n\/* custom css *\/\n.tdi_20_158{\r\n                    vertical-align: baseline;\r\n                }\n<\/style><div class=\"wpb_wrapper\"><div class=\"tdm_block td_block_wrap tdm_block_column_content tdi_21_d09 tdm-content-horiz-center td-pb-border-top td_block_template_1\"  data-td-block-uid=\"tdi_21_d09\" >\n<style>\n\/* custom css *\/\n.tdi_21_d09 .tdm-image-holder{\r\n                    padding-bottom: 290px;\r\n                }\n<\/style><a href=\"https:\/\/teletul.com\/web\/las-americas-tulsa\/\" class=\"tdm-image-holder\"><div class=\"tdm-active-img\" style=\"background-image: url(https:\/\/teletul.com\/web\/wp-content\/uploads\/2018\/04\/15894370_1065136883595647_2535838569262312020_n.jpg)\"><\/div><\/a><div class=\"tdm-col-content-info\"><a href=\"https:\/\/teletul.com\/web\/las-americas-tulsa\/\" class=\"tdm-col-content-title-url\">\n<style>\n\n<\/style><div class=\"tds-title tds-title1 td-fix-index tdi_22_63f\"><h3 class=\"tdm-title tdm-title-md\">Las Am\u00e9ricas Tulsa<\/h3><\/div><\/a><p class=\"tdm-descr td-fix-index\"><\/p><\/div><\/div><\/div><\/div><div class=\"vc_column tdi_24_d91  wpb_column vc_column_container tdc-column td-pb-span4\">\n<style scoped>\n\n\/* custom css *\/\n.tdi_24_d91{\r\n                    vertical-align: baseline;\r\n                }\n<\/style><div class=\"wpb_wrapper\"><div class=\"tdm_block td_block_wrap tdm_block_column_content tdi_25_666 tdm-content-horiz-center td-pb-border-top td_block_template_1\"  data-td-block-uid=\"tdi_25_666\" >\n<style>\n\/* custom css *\/\n.tdi_25_666 .tdm-image-holder{\r\n                    padding-bottom: 290px;\r\n                }\n<\/style><a href=\"https:\/\/teletul.com\/web\/las-americas-muskogee\/\" class=\"tdm-image-holder\"><div class=\"tdm-active-img\" style=\"background-image: url(https:\/\/teletul.com\/web\/wp-content\/uploads\/2025\/01\/antonioperez.jpg)\"><\/div><\/a><div class=\"tdm-col-content-info\"><a href=\"https:\/\/teletul.com\/web\/las-americas-muskogee\/\" class=\"tdm-col-content-title-url\">\n<style>\n\n<\/style><div class=\"tds-title tds-title1 td-fix-index tdi_26_de9\"><h3 class=\"tdm-title tdm-title-md\">Las Am\u00e9ricas Muskogee<\/h3><\/div><\/a><p class=\"tdm-descr td-fix-index\"><\/p><\/div><\/div><\/div><\/div><div class=\"vc_column tdi_28_8cd  wpb_column vc_column_container tdc-column td-pb-span4\">\n<style scoped>\n\n\/* custom css *\/\n.tdi_28_8cd{\r\n                    vertical-align: baseline;\r\n                }\n<\/style><div class=\"wpb_wrapper\"><div class=\"tdm_block td_block_wrap tdm_block_column_content tdi_29_fe7 tdm-content-horiz-center td-pb-border-top td_block_template_1\"  data-td-block-uid=\"tdi_29_fe7\" >\n<style>\n\/* custom css *\/\n.tdi_29_fe7 .tdm-image-holder{\r\n                    padding-bottom: 290px;\r\n                }\n<\/style><a href=\"https:\/\/teletul.com\/web\/la-diferente-tulsa\/\" class=\"tdm-image-holder\"><div class=\"tdm-active-img\" style=\"background-image: url(https:\/\/teletul.com\/web\/wp-content\/uploads\/2018\/04\/logodiferente.jpg)\"><\/div><\/a><div class=\"tdm-col-content-info\"><a href=\"https:\/\/teletul.com\/web\/la-diferente-tulsa\/\" class=\"tdm-col-content-title-url\">\n<style>\n\n<\/style><div class=\"tds-title tds-title1 td-fix-index tdi_30_eee\"><h3 class=\"tdm-title tdm-title-md\">La Diferente <\/h3><\/div><\/a><p class=\"tdm-descr td-fix-index\"><\/p><\/div><\/div><\/div><\/div><\/div><\/div><div id=\"tdi_31_76d\" class=\"tdc-row\"><div class=\"vc_row tdi_32_e1d  wpb_row td-pb-row\" >\n<style scoped>\n\n\/* custom css *\/\n.tdi_32_e1d{\r\n                    min-height: 0;\r\n                }\n<\/style><div class=\"vc_column tdi_34_1f9  wpb_column vc_column_container tdc-column td-pb-span4\">\n<style scoped>\n\n\/* custom css *\/\n.tdi_34_1f9{\r\n                    vertical-align: middle;\r\n                }\n<\/style><div class=\"wpb_wrapper\"><div class=\"wpb_wrapper td_block_separator td_block_wrap vc_separator tdi_36_9fa  td_separator_solid td_separator_center\"><span style=\"border-color:#EBEBEB;border-width:1px;width:100%;\"><\/span><\/div><\/div><\/div><div class=\"vc_column tdi_38_ffc  wpb_column vc_column_container tdc-column td-pb-span4\">\n<style scoped>\n\n\/* custom css *\/\n.tdi_38_ffc{\r\n                    vertical-align: baseline;\r\n                }\n<\/style><div class=\"wpb_wrapper\"><div class=\"wpb_wrapper td_block_separator td_block_wrap vc_separator tdi_40_3e2  td_separator_solid td_separator_center\"><span style=\"border-color:#EBEBEB;border-width:1px;width:100%;\"><\/span><\/div><\/div><\/div><div class=\"vc_column tdi_42_d8f  wpb_column vc_column_container tdc-column td-pb-span4\">\n<style scoped>\n\n\/* custom css *\/\n.tdi_42_d8f{\r\n                    vertical-align: baseline;\r\n                }\n<\/style><div class=\"wpb_wrapper\"><div class=\"wpb_wrapper td_block_separator td_block_wrap vc_separator tdi_44_d5c  td_separator_solid td_separator_center\"><span style=\"border-color:#EBEBEB;border-width:1px;width:100%;\"><\/span><\/div><\/div><\/div><\/div><\/div><div id=\"tdi_45_53e\" class=\"tdc-row\"><div class=\"vc_row tdi_46_96f  wpb_row td-pb-row\" >\n<style scoped>\n\n\/* custom css *\/\n.tdi_46_96f{\r\n                    min-height: 0;\r\n                }\n<\/style><div class=\"vc_column tdi_48_5e5  wpb_column vc_column_container tdc-column td-pb-span12\">\n<style scoped>\n\n\/* custom css *\/\n.tdi_48_5e5{\r\n                    vertical-align: baseline;\r\n                }\n<\/style><div class=\"wpb_wrapper\"><div class=\"tdm_block td_block_wrap tdm_block_call_to_action tdi_49_d5f tds_call_to_action1 tdm-content-horiz-left tdm-content-vert-center td-pb-border-top td_block_template_1\"  data-td-block-uid=\"tdi_49_d5f\" >\n<style>\n\n\/* inline tdc_css att *\/\n\n.tdi_49_d5f{\npadding-top:30px !important;\npadding-right:50px !important;\npadding-bottom:30px !important;\npadding-left:50px !important;\nposition:relative;\n}\n\n\/* phone *\/\n@media (max-width: 767px)\n{\n.tdi_49_d5f{\npadding-top:20px !important;\npadding-right:30px !important;\npadding-left:30px !important;\n}\n}\n\n<\/style>\n<div class=\"tdi_49_d5f_rand_style td-element-style\">\n<div class=\"td-element-style-before\"><style>\n.tdi_49_d5f_rand_style > .td-element-style-before {\ncontent:'' !important;\nwidth:100% !important;\nheight:100% !important;\nposition:absolute !important;\ntop:0 !important;\nleft:0 !important;\ndisplay:block !important;\nz-index:0 !important;\nbackground-position:center center !important;\nbackground-size:cover !important;\n}\n<\/style><\/div><style> <\/style><\/div>\n<style>\n@import url(\"https:\/\/fonts.googleapis.com\/css?family=Abel:400|Open+Sans:300italic,400,400italic,600,600italic,700|Roboto:300,400,400italic,500,500italic,700,900&display=swap\");\n.tdi_50_3f4 .tdm-descr{\r\n\t\t\t\t    color: rgba(0,0,0,0.7);\r\n\t\t\t\t\r\n\t\t\t\t\tfont-family:Abel !important;font-style:italic !important;\r\n\t\t\t\t}.tdi_49_d5f{\r\n\t\t\t\t    box-shadow:  0px 4px 30px 0px #1e73be;\r\n\t\t\t\t}\n<\/style><div class=\"td-block-width tds-call-to-action1 tdi_50_3f4\"><div class=\"td-block-row tdm-row td-fix-index\"><div class=\"td-block-span9 tdm-col\">\n<style>\n.tdi_51_a65 .tdm-title{\r\n\t\t\t\t\tfont-family:Georgia, Times, \"Times New Roman\", serif !important;font-size:36px !important;font-weight:400 !important;\r\n\t\t\t\t}\n\n\/* portrait *\/\n@media (min-width: 768px) and (max-width: 1018px){\n.tdi_51_a65 .tdm-title{\r\n\t\t\t\t\tfont-family:Georgia, Times, \"Times New Roman\", serif !important;font-size:28px !important;line-height:1 !important;font-weight:400 !important;\r\n\t\t\t\t}\n}\n\n\/* phone *\/\n@media (max-width: 767px){\n.tdi_51_a65 .tdm-title{\r\n\t\t\t\t\tfont-family:Georgia, Times, \"Times New Roman\", serif !important;font-size:28px !important;line-height:1.2 !important;font-weight:400 !important;\r\n\t\t\t\t}\n}\n<\/style><div class=\"tds-title tds-title1 td-fix-index tdi_51_a65\"><h1 class=\"tdm-title tdm-title-md\">Supermercado Las Am\u00e9ricas<\/h1><\/div><p class=\"tdm-descr\"><p class=\"justificado\">\u00a1Bienvenidos a Supermercado Las Americas, donde cada compra es una experiencia \u00fanica!<\/p>\n\n<p style=\"text-align: justify;\">\u00bfBuscas calidad, frescura y los mejores precios? \u00a1Lo tenemos todo! Desde productos frescos hasta art\u00edculos para tu hogar, te ofrecemos una variedad impresionante para que encuentres todo lo que necesitas en un solo lugar.<\/p>\n\n<p class=\"justificado\">\u00bfPor qu\u00e9 elegirnos?<\/p>\n<p style=\"text-align: justify;\">Precios irresistibles en todos nuestros productos.\nOfertas y promociones exclusivas que no querr\u00e1s perderte.\nAtenci\u00f3n personalizada para hacer tu compra a\u00fan m\u00e1s f\u00e1cil.\nVariedad en productos frescos: frutas, verduras, carnes, panader\u00eda y mucho m\u00e1s.\n\u00a1Vis\u00edtanos y ahorra m\u00e1s en cada compra!\nRecuerda, con cada visita, no solo compras lo mejor, sino que tambi\u00e9n disfrutas de nuestras incre\u00edbles promociones. \u00a1No esperes m\u00e1s, ven y descubre todo lo que tenemos para ti!<p\/>\n\n<p style=\"text-align: justify;\">\u00a1Tu compra perfecta est\u00e1 a un solo clic de distancia en :!<\/p><\/div><div class=\"td-block-span3 tdm-col\">\n<style>\nbody .tdi_52_37f{\r\n\t\t\t\t\tbackground: -webkit-linear-gradient(-150deg,#26deef,#9334e5);background: linear-gradient(-150deg,#26deef,#9334e5);\r\n\t\t\t\t}.tdi_52_37f,\r\n\t\t\t\t.tdi_52_37f:before{\r\n\t\t\t\t\tborder-radius: 50px;\r\n\t\t\t\t}.tdi_52_37f{\r\n\t\t\t\t\tfont-weight:400 !important;text-transform:uppercase !important;\r\n\t\t\t\t}\n<\/style><div class=\"tds-button td-fix-index\"><a \r\n                href=\"http:\/\/supermercadoslasamericas.com\/\" \r\n                class=\"tds-button1 tdm-btn tdm-btn-lg tdi_52_37f\" ><span class=\"tdm-btn-text\">Vis\u00edtanos <\/span><\/a><\/div><\/div><\/div><\/div><\/div><div class=\"wpb_wrapper td_block_wrap vc_raw_html tdi_54_911 \"><div class=\"td-fix-index\"><p><a title=\"Supermercados Las Americas Nadie Nos Gana!\" href=\"http:\/\/supermercadoslasamericas.com\" target=\"_blank\" rel=\"noopener\"><img loading=\"lazy\" decoding=\"async\" style=\"display: block; margin-left: auto; margin-right: auto;\" src=\"https:\/\/teletul.com\/web\/wp-content\/uploads\/2024\/09\/FACEBOOK.jpg\" width=\"1200\" height=\"224\" \/><\/a><\/p><\/div><\/div><\/div><\/div><\/div><\/div><\/div><\/div>","protected":false},"excerpt":{"rendered":"","protected":false},"author":2,"featured_media":0,"parent":0,"menu_order":0,"comment_status":"closed","ping_status":"closed","template":"","meta":{"_uag_custom_page_level_css":"","footnotes":""},"class_list":["post-13","page","type-page","status-publish"],"uagb_featured_image_src":{"full":false,"thumbnail":false,"medium":false,"medium_large":false,"large":false,"1536x1536":false,"2048x2048":false,"td_218x150":false,"td_324x400":false,"td_485x360":false,"td_696x0":false,"td_1068x0":false,"td_1920x0":false,"td_0x420":false,"td_80x60":false,"td_100x70":false,"td_265x198":false,"td_324x160":false,"td_324x235":false,"td_356x220":false,"td_356x364":false,"td_533x261":false,"td_534x462":false,"td_696x385":false,"td_741x486":false,"td_1068x580":false},"uagb_author_info":{"display_name":"Teletul","author_link":"https:\/\/teletul.com\/web\/author\/teletul\/"},"uagb_comment_info":0,"uagb_excerpt":null,"_links":{"self":[{"href":"https:\/\/teletul.com\/web\/wp-json\/wp\/v2\/pages\/13","targetHints":{"allow":["GET"]}}],"collection":[{"href":"https:\/\/teletul.com\/web\/wp-json\/wp\/v2\/pages"}],"about":[{"href":"https:\/\/teletul.com\/web\/wp-json\/wp\/v2\/types\/page"}],"author":[{"embeddable":true,"href":"https:\/\/teletul.com\/web\/wp-json\/wp\/v2\/users\/2"}],"replies":[{"embeddable":true,"href":"https:\/\/teletul.com\/web\/wp-json\/wp\/v2\/comments?post=13"}],"version-history":[{"count":83,"href":"https:\/\/teletul.com\/web\/wp-json\/wp\/v2\/pages\/13\/revisions"}],"predecessor-version":[{"id":486,"href":"https:\/\/teletul.com\/web\/wp-json\/wp\/v2\/pages\/13\/revisions\/486"}],"wp:attachment":[{"href":"https:\/\/teletul.com\/web\/wp-json\/wp\/v2\/media?parent=13"}],"curies":[{"name":"wp","href":"https:\/\/api.w.org\/{rel}","templated":true}]}}