{"id":27,"date":"2018-04-24T21:57:20","date_gmt":"2018-04-24T21:57:20","guid":{"rendered":"https:\/\/teletul.com\/web\/?page_id=27"},"modified":"2025-01-13T22:13:44","modified_gmt":"2025-01-13T22:13:44","slug":"las-americas-tulsa","status":"publish","type":"page","link":"https:\/\/teletul.com\/web\/las-americas-tulsa\/","title":{"rendered":"Las Americas Tulsa"},"content":{"rendered":"<div id=\"tdi_1_262\" class=\"tdc-zone\"><div class=\"tdc_zone tdi_2_991  wpb_row td-pb-row\"  >\n<style scoped>\n\n\/* custom css *\/\n.tdi_2_991{\r\n                    min-height: 0;\r\n                }\n<\/style><div id=\"tdi_3_0f6\" class=\"tdc-row stretch_row_1200 td-stretch-content\"><div class=\"vc_row tdi_4_6c6  wpb_row td-pb-row\" >\n<style scoped>\n\n\/* custom css *\/\n.tdi_4_6c6{\r\n                    min-height: 0;\r\n                }\n<\/style><div class=\"vc_column tdi_6_001  wpb_column vc_column_container tdc-column td-pb-span12\">\n<style scoped>\n\n\/* custom css *\/\n.tdi_6_001{\r\n                    vertical-align: baseline;\r\n                }\n<\/style><div class=\"wpb_wrapper\"><div class=\"tdm_block td_block_wrap tdm_block_fancy_text_image tdi_7_a09 td_block_fancy_text tdm-layout-default tdm-flip-yes tdm-content-horiz-center tdm-content-vert-center td-pb-border-top td_block_template_1 tdm-mobile-full\"  data-td-block-uid=\"tdi_7_a09\" >\n<style>\n\/* custom css *\/\nbody .tdi_7_a09 .tdm-fancy-title1{\r\n\t\t\t\t\tcolor: #0a0a0a;\r\n\t\t\t\t}.tdi_7_a09 .tdm-fancy-title1{\r\n\t\t\t\t\tfont-family:Georgia, Times, \"Times New Roman\", serif !important;font-size:90px !important;line-height:1 !important;\r\n\t\t\t\t}\n<\/style><div class=\"td-block-width\"><div class=\"td-block-row tdm-row td-fix-index\"><div class=\"td-block-span7 tdm-col\"><div class=\"tdm-text-wrap tdm-text-padding\"><h3 class=\"tdm-fancy-title\"><span class=\"tdm-fancy-title1\">Las Am\u00e9ricas Tulsa<\/span><span class=\"tdm-fancy-title2\"><\/span><\/h3><p class=\"tdm-descr\"><p>\ud83c\udf1f\ud83c\udfb6 Las Am\u00e9ricas Tulsa: \u00a1El Ritmo de Nuestra Gente! \ud83c\udfb6\ud83c\udf1f<\/p>\n\n<p style=\"text-align: justify;\">\u00a1Bienvenidos a Las Am\u00e9ricas Tulsa, donde la m\u00fasica latina vibra m\u00e1s fuerte! Somos la estaci\u00f3n que conecta a nuestra comunidad con los sonidos que mueven el coraz\u00f3n y el alma. Desde los \u00e9xitos m\u00e1s actuales hasta los cl\u00e1sicos que nunca pasan de moda, aqu\u00ed encontrar\u00e1s el mejor repertorio de salsa, bachata, reguet\u00f3n, cumbia, m\u00fasica regional mexicana y m\u00e1s. \ud83d\udc83\ud83d\udd7a<\/p>\n\n\ud83c\udfa7 Sinton\u00edzanos y siente el calor latino: \u2705 M\u00fasica las 24 horas, todos los d\u00edas.\n\u2705 Espacios para tus dedicatorias, saludos y peticiones.<\/p><\/div><\/div><div class=\"td-block-span5 tdm-col tdm-col-img\"><img decoding=\"async\" class=\"tdm-image\" src=\"https:\/\/teletul.com\/web\/wp-content\/uploads\/2018\/04\/15894370_1065136883595647_2535838569262312020_n.jpg\" alt=\"Las Am\u00e9ricas Tulsa\"><\/div><\/div><\/div><\/div><\/div><\/div><\/div><\/div><div id=\"tdi_8_020\" class=\"tdc-row\"><div class=\"vc_row tdi_9_2f0  wpb_row td-pb-row\" >\n<style scoped>\n\n\/* custom css *\/\n.tdi_9_2f0{\r\n                    min-height: 0;\r\n                }\n<\/style><div class=\"vc_column tdi_11_969  wpb_column vc_column_container tdc-column td-pb-span12\">\n<style scoped>\n\n\/* custom css *\/\n.tdi_11_969{\r\n                    vertical-align: bottom;\r\n                }\n<\/style><div class=\"wpb_wrapper\"><div class=\"wpb_wrapper td_block_wrap vc_raw_html tdi_13_032 \"><div class=\"td-fix-index\"><p style=\"text-align: center;\"><span style=\"color: #0000ff;\"><strong>Las Am\u00e9ricas Tulsa KMUS 1380AM &amp; 102.7FM En vivo La Perrotota<\/strong><\/span>\n<style>\n  #bp-play-open-popup-btn {\n      background:-webkit-gradient(linear, left top, left bottom, color-stop(0.05, #7892c2), color-stop(1, #476e9e)) !important;\n      background:-moz-linear-gradient(top, #7892c2 5%, #476e9e 100%) !important;\n      background:-webkit-linear-gradient(top, #7892c2 5%, #476e9e 100%) !important;\n      background:-o-linear-gradient(top, #7892c2 5%, #476e9e 100%) !important;\n      background:-ms-linear-gradient(top, #7892c2 5%, #476e9e 100%) !important;\n      background:linear-gradient(to bottom, #7892c2 5%, #476e9e 100%) !important;\n      filter:progid:DXImageTransform.Microsoft.gradient(startColorstr='#7892c2', endColorstr='#476e9e',GradientType=0) !important;\n      background-color:#7892c2 !important;\n      -moz-border-radius:28px !important;\n      -webkit-border-radius:28px !important;\n      border-radius:28px !important;\n      border:1px solid #4e6096 !important;\n      display:inline-block !important;\n      cursor:pointer !important;\n      color:#ffffff !important;\n      font-family:Arial !important;\n      font-size:17px !important;\n      padding:16px 31px !important;\n      text-decoration:none !important;\n      text-shadow:0px 1px 0px #283966 !important;\n  }\n #bp-play-open-popup-btn:hover {\n     background:-webkit-gradient(linear, left top, left bottom, color-stop(0.05, #476e9e), color-stop(1, #7892c2)) !important;\n     background:-moz-linear-gradient(top, #476e9e 5%, #7892c2 100%) !important;\n     background:-webkit-linear-gradient(top, #476e9e 5%, #7892c2 100%) !important;\n     background:-o-linear-gradient(top, #476e9e 5%, #7892c2 100%) !important;\n     background:-ms-linear-gradient(top, #476e9e 5%, #7892c2 100%) !important;\n     background:linear-gradient(to bottom, #476e9e 5%, #7892c2 100%) !important;\n     filter:progid:DXImageTransform.Microsoft.gradient(startColorstr='#476e9e', endColorstr='#7892c2',GradientType=0) !important;\n     background-color:#476e9e !important;\n     color: #fff !important;\n     text-decoration: none !important;\n }\n #bp-play-open-popup-btn:active {\n     position:relative !important;\n     top:1px !important;\n     color: #fff !important;\n     text-decoration: none !important;\n }\n #bp-play-open-popup-btn:focus {\n     position:relative !important;\n     top:1px !important;\n     color: #fff !important;\n     text-decoration: none !important;\n }\n<\/style>\n\n<a href=\"javascript:\/\/\" id=\"bp-play-open-popup-btn\" onClick=\"window.open('http:\/\/elastic.webplayer.xyz\/kmus', 'KMUS', 'toolbar=no, location=no,status=no,menubar=no,scrollbars=yes,resizable=yes,width=700,height=600');return false;\">Play<\/a>\n<\/div><\/div><\/div><\/div><\/div><\/div><\/div><\/div>","protected":false},"excerpt":{"rendered":"","protected":false},"author":2,"featured_media":0,"parent":0,"menu_order":0,"comment_status":"closed","ping_status":"closed","template":"","meta":{"_uag_custom_page_level_css":"","footnotes":""},"class_list":["post-27","page","type-page","status-publish"],"uagb_featured_image_src":{"full":false,"thumbnail":false,"medium":false,"medium_large":false,"large":false,"1536x1536":false,"2048x2048":false,"td_218x150":false,"td_324x400":false,"td_485x360":false,"td_696x0":false,"td_1068x0":false,"td_1920x0":false,"td_0x420":false,"td_80x60":false,"td_100x70":false,"td_265x198":false,"td_324x160":false,"td_324x235":false,"td_356x220":false,"td_356x364":false,"td_533x261":false,"td_534x462":false,"td_696x385":false,"td_741x486":false,"td_1068x580":false},"uagb_author_info":{"display_name":"Teletul","author_link":"https:\/\/teletul.com\/web\/author\/teletul\/"},"uagb_comment_info":0,"uagb_excerpt":null,"_links":{"self":[{"href":"https:\/\/teletul.com\/web\/wp-json\/wp\/v2\/pages\/27","targetHints":{"allow":["GET"]}}],"collection":[{"href":"https:\/\/teletul.com\/web\/wp-json\/wp\/v2\/pages"}],"about":[{"href":"https:\/\/teletul.com\/web\/wp-json\/wp\/v2\/types\/page"}],"author":[{"embeddable":true,"href":"https:\/\/teletul.com\/web\/wp-json\/wp\/v2\/users\/2"}],"replies":[{"embeddable":true,"href":"https:\/\/teletul.com\/web\/wp-json\/wp\/v2\/comments?post=27"}],"version-history":[{"count":11,"href":"https:\/\/teletul.com\/web\/wp-json\/wp\/v2\/pages\/27\/revisions"}],"predecessor-version":[{"id":479,"href":"https:\/\/teletul.com\/web\/wp-json\/wp\/v2\/pages\/27\/revisions\/479"}],"wp:attachment":[{"href":"https:\/\/teletul.com\/web\/wp-json\/wp\/v2\/media?parent=27"}],"curies":[{"name":"wp","href":"https:\/\/api.w.org\/{rel}","templated":true}]}}