{"id":31,"date":"2018-04-24T22:06:08","date_gmt":"2018-04-24T22:06:08","guid":{"rendered":"https:\/\/teletul.com\/web\/?page_id=31"},"modified":"2025-01-13T22:41:26","modified_gmt":"2025-01-13T22:41:26","slug":"la-diferente-tulsa","status":"publish","type":"page","link":"https:\/\/teletul.com\/web\/la-diferente-tulsa\/","title":{"rendered":"La Diferente Tulsa"},"content":{"rendered":"<div id=\"tdi_1_9f9\" class=\"tdc-zone\"><div class=\"tdc_zone tdi_2_90f  wpb_row td-pb-row\"  >\n<style scoped>\n\n\/* custom css *\/\n.tdi_2_90f{\r\n                    min-height: 0;\r\n                }\n<\/style><div id=\"tdi_3_9f9\" class=\"tdc-row stretch_row_1200 td-stretch-content\"><div class=\"vc_row tdi_4_922  wpb_row td-pb-row\" >\n<style scoped>\n\n\/* custom css *\/\n.tdi_4_922{\r\n                    min-height: 0;\r\n                }\n<\/style><div class=\"vc_column tdi_6_02f  wpb_column vc_column_container tdc-column td-pb-span12\">\n<style scoped>\n\n\/* custom css *\/\n.tdi_6_02f{\r\n                    vertical-align: baseline;\r\n                }\n<\/style><div class=\"wpb_wrapper\"><div class=\"tdm_block td_block_wrap tdm_block_fancy_text_image tdi_7_2aa td_block_fancy_text tdm-layout-default tdm-content-horiz-center tdm-content-vert-center td-pb-border-top td_block_template_1 tdm-mobile-full\"  data-td-block-uid=\"tdi_7_2aa\" >\n<style>\n\/* custom css *\/\nbody .tdi_7_2aa .tdm-fancy-title2{\r\n\t\t\t\t\tbackground: -webkit-linear-gradient(0deg,#001a91,#000000);background: linear-gradient(0deg,#001a91,#000000);\r\n\t\t\t\t\t-webkit-background-clip: text;\r\n\t\t\t\t\t-webkit-text-fill-color: transparent;\r\n\t\t\t\t}html[class*='ie'] .tdi_7_2aa .tdm-fancy-title2{\r\n\t\t\t\t    background: none;\r\n\t\t\t\t\tcolor: #000000;\r\n\t\t\t\t}.tdi_7_2aa .tdm-fancy-title2{\r\n\t\t\t\t\tfont-size:90px !important;line-height:1 !important;\r\n\t\t\t\t}\n<\/style><div class=\"td-block-width\"><div class=\"td-block-row tdm-row td-fix-index\"><div class=\"td-block-span5 tdm-col tdm-col-img\"><img decoding=\"async\" class=\"tdm-image\" src=\"https:\/\/teletul.com\/web\/wp-content\/uploads\/2018\/04\/logodiferente.jpg\" alt=\"\"><\/div><div class=\"td-block-span7 tdm-col\"><div class=\"tdm-text-wrap tdm-text-padding\"><h3 class=\"tdm-fancy-title\"><span class=\"tdm-fancy-title1\"><\/span><span class=\"tdm-fancy-title2\">Las Am\u00e9ricas: La Diferente 97.9FM<\/span><\/h3><p class=\"tdm-descr\">\ud83c\udfb6\u2728 Las Am\u00e9ricas: La Diferente 97.9 FM \u2728\ud83c\udfb6\n\n<p style=\"text-align: justify;\">\u00a1Bienvenidos a la estaci\u00f3n que marca la diferencia en tu d\u00eda! \ud83c\udf1f En Las Am\u00e9ricas: La Diferente 97.9 FM, celebramos la riqueza y diversidad de la m\u00fasica latina, tray\u00e9ndote lo mejor de cada ritmo para que nunca pares de bailar. \ud83d\udc83\ud83d\udd7a<\/p>\n\n<p style=\"text-align: justify;\">\ud83c\udfa7 \u00bfQu\u00e9 hace a 97.9 FM diferente?\n\u2705 Una selecci\u00f3n \u00fanica de m\u00fasica latina: reguet\u00f3n, salsa, cumbia, bachata, regional mexicana y m\u00e1s.\n\u2705 Espacios para tus dedicatorias, saludos y peticiones en vivo.\n\u2705 Los locutores que conectan contigo y te hacen sentir en casa.\n\u2705 Entrevistas exclusivas con artistas y lo mejor de la comunidad local.<\/p><\/p>\n<style>\n.tdi_8_680{\r\n\t\t\t\t\tbox-shadow:  0px 2px 16px 0px rgba(0, 0, 0, 0.1);\r\n\t\t\t\t}.tdi_8_680:hover{\r\n\t\t\t\t\tbox-shadow:  0px 2px 26px 0px rgba(0, 0, 0, 0.1);\r\n\t\t\t\t}\n<\/style><div class=\"tds-button td-fix-index\"><a href=\"https:\/\/ladiferentetulsa.com\" class=\"tds-button3 tdm-btn tdm-btn-lg tdi_8_680\"  target=\"_blank\" ><span class=\"tdm-btn-text\">Vis\u00edtanos <\/span><\/a><\/div><\/div><\/div><\/div><\/div><\/div><\/div><\/div><\/div><\/div><div id=\"tdi_9_ce6\" class=\"tdc-row\"><div class=\"vc_row tdi_10_998  wpb_row td-pb-row\" >\n<style scoped>\n\n\/* custom css *\/\n.tdi_10_998{\r\n                    min-height: 0;\r\n                }\n<\/style><div class=\"vc_column tdi_12_dfd  wpb_column vc_column_container tdc-column td-pb-span12\">\n<style scoped>\n\n\/* custom css *\/\n.tdi_12_dfd{\r\n                    vertical-align: baseline;\r\n                }\n<\/style><div class=\"wpb_wrapper\"><div class=\"wpb_wrapper td_block_wrap vc_raw_html tdi_14_322 \"><div class=\"td-fix-index\"><p style=\"text-align: center;\"><span style=\"color: #ff6600;\"><strong>La Diferente Tulsa KETU  1120AM &amp; 97.9FM En vivo para el mundo<\/strong><\/span><br><style>\n  #bp-play-open-popup-btn {\n      background:-webkit-gradient(linear, left top, left bottom, color-stop(0.05, #7892c2), color-stop(1, #476e9e)) !important;\n      background:-moz-linear-gradient(top, #7892c2 5%, #476e9e 100%) !important;\n      background:-webkit-linear-gradient(top, #7892c2 5%, #476e9e 100%) !important;\n      background:-o-linear-gradient(top, #7892c2 5%, #476e9e 100%) !important;\n      background:-ms-linear-gradient(top, #7892c2 5%, #476e9e 100%) !important;\n      background:linear-gradient(to bottom, #7892c2 5%, #476e9e 100%) !important;\n      filter:progid:DXImageTransform.Microsoft.gradient(startColorstr='#7892c2', endColorstr='#476e9e',GradientType=0) !important;\n      background-color:#7892c2 !important;\n      -moz-border-radius:28px !important;\n      -webkit-border-radius:28px !important;\n      border-radius:28px !important;\n      border:1px solid #4e6096 !important;\n      display:inline-block !important;\n      cursor:pointer !important;\n      color:#ffffff !important;\n      font-family:Arial !important;\n      font-size:17px !important;\n      padding:16px 31px !important;\n      text-decoration:none !important;\n      text-shadow:0px 1px 0px #283966 !important;\n  }\n #bp-play-open-popup-btn:hover {\n     background:-webkit-gradient(linear, left top, left bottom, color-stop(0.05, #476e9e), color-stop(1, #7892c2)) !important;\n     background:-moz-linear-gradient(top, #476e9e 5%, #7892c2 100%) !important;\n     background:-webkit-linear-gradient(top, #476e9e 5%, #7892c2 100%) !important;\n     background:-o-linear-gradient(top, #476e9e 5%, #7892c2 100%) !important;\n     background:-ms-linear-gradient(top, #476e9e 5%, #7892c2 100%) !important;\n     background:linear-gradient(to bottom, #476e9e 5%, #7892c2 100%) !important;\n     filter:progid:DXImageTransform.Microsoft.gradient(startColorstr='#476e9e', endColorstr='#7892c2',GradientType=0) !important;\n     background-color:#476e9e !important;\n     color: #fff !important;\n     text-decoration: none !important;\n }\n #bp-play-open-popup-btn:active {\n     position:relative !important;\n     top:1px !important;\n     color: #fff !important;\n     text-decoration: none !important;\n }\n #bp-play-open-popup-btn:focus {\n     position:relative !important;\n     top:1px !important;\n     color: #fff !important;\n     text-decoration: none !important;\n }\n<\/style>\n\n<a href=\"javascript:\/\/\" id=\"bp-play-open-popup-btn\" onClick=\"window.open('http:\/\/elastic.webplayer.xyz\/ketu', 'KETU', 'toolbar=no, location=no,status=no,menubar=no,scrollbars=yes,resizable=yes,width=700,height=600');return false;\">Play<\/a>\n\n        <\/div><\/div><\/div><\/div><\/div><\/div><\/div><\/div>","protected":false},"excerpt":{"rendered":"","protected":false},"author":2,"featured_media":0,"parent":0,"menu_order":0,"comment_status":"closed","ping_status":"closed","template":"","meta":{"_uag_custom_page_level_css":"","footnotes":""},"class_list":["post-31","page","type-page","status-publish"],"uagb_featured_image_src":{"full":false,"thumbnail":false,"medium":false,"medium_large":false,"large":false,"1536x1536":false,"2048x2048":false,"td_218x150":false,"td_324x400":false,"td_485x360":false,"td_696x0":false,"td_1068x0":false,"td_1920x0":false,"td_0x420":false,"td_80x60":false,"td_100x70":false,"td_265x198":false,"td_324x160":false,"td_324x235":false,"td_356x220":false,"td_356x364":false,"td_533x261":false,"td_534x462":false,"td_696x385":false,"td_741x486":false,"td_1068x580":false},"uagb_author_info":{"display_name":"Teletul","author_link":"https:\/\/teletul.com\/web\/author\/teletul\/"},"uagb_comment_info":0,"uagb_excerpt":null,"_links":{"self":[{"href":"https:\/\/teletul.com\/web\/wp-json\/wp\/v2\/pages\/31","targetHints":{"allow":["GET"]}}],"collection":[{"href":"https:\/\/teletul.com\/web\/wp-json\/wp\/v2\/pages"}],"about":[{"href":"https:\/\/teletul.com\/web\/wp-json\/wp\/v2\/types\/page"}],"author":[{"embeddable":true,"href":"https:\/\/teletul.com\/web\/wp-json\/wp\/v2\/users\/2"}],"replies":[{"embeddable":true,"href":"https:\/\/teletul.com\/web\/wp-json\/wp\/v2\/comments?post=31"}],"version-history":[{"count":6,"href":"https:\/\/teletul.com\/web\/wp-json\/wp\/v2\/pages\/31\/revisions"}],"predecessor-version":[{"id":482,"href":"https:\/\/teletul.com\/web\/wp-json\/wp\/v2\/pages\/31\/revisions\/482"}],"wp:attachment":[{"href":"https:\/\/teletul.com\/web\/wp-json\/wp\/v2\/media?parent=31"}],"curies":[{"name":"wp","href":"https:\/\/api.w.org\/{rel}","templated":true}]}}