{"id":33,"date":"2018-04-24T22:10:06","date_gmt":"2018-04-24T22:10:06","guid":{"rendered":"https:\/\/teletul.com\/web\/?page_id=33"},"modified":"2025-01-14T00:20:59","modified_gmt":"2025-01-14T00:20:59","slug":"estrella-tv","status":"publish","type":"page","link":"https:\/\/teletul.com\/web\/estrella-tv\/","title":{"rendered":"Estrella TV"},"content":{"rendered":"<div id=\"tdi_1_801\" class=\"tdc-zone\"><div class=\"tdc_zone tdi_2_648  wpb_row td-pb-row\"  >\n<style scoped>\n\n\/* custom css *\/\n.tdi_2_648{\r\n                    min-height: 0;\r\n                }\n<\/style><div id=\"tdi_3_026\" class=\"tdc-row\"><div class=\"vc_row tdi_4_4e8  wpb_row td-pb-row\" >\n<style scoped>\n\n\/* custom css *\/\n.tdi_4_4e8{\r\n                    min-height: 0;\r\n                }\n<\/style><div class=\"vc_column tdi_6_c9e  wpb_column vc_column_container tdc-column td-pb-span12\">\n<style scoped>\n\n\/* custom css *\/\n.tdi_6_c9e{\r\n                    vertical-align: baseline;\r\n                }\n<\/style><div class=\"wpb_wrapper\"><div class=\"tdm_block td_block_wrap tdm_block_column_title tdi_7_9fc tdm-content-horiz-center td-pb-border-top td_block_template_1\"  data-td-block-uid=\"tdi_7_9fc\" ><div class=\"td-block-row\"><div class=\"td-block-span12 tdm-col\">\n<style>\n.tdi_8_960 .tdm-title{\r\n\t\t\t\t\tfont-family:Georgia, Times, \"Times New Roman\", serif !important;\r\n\t\t\t\t}\n<\/style><div class=\"tds-title tds-title1 td-fix-index tdi_8_960\"><h3 class=\"tdm-title tdm-title-md\">Estrella TV<\/h3><\/div><\/div><\/div><\/div><div class=\"tdm_block td_block_wrap tdm_block_inline_text tdi_9_090 tdm-inline-block tdm-content-horiz-left td-pb-border-top td_block_template_1\"  data-td-block-uid=\"tdi_9_090\" ><p class=\"tdm-descr\">\ud83d\udcfa Televisi\u00f3n Local con Estrella TV\n\n<p style=\"text-align: justify;\">En Grupo Teletul, nos enorgullece ser los distribuidores exclusivos de Estrella TV en Tulsa y sus alrededores. Esta reconocida cadena hispana trae a nuestra comunidad una programaci\u00f3n vibrante y diversa, dise\u00f1ada para informar, entretener y conectar con nuestras ra\u00edces.\n\n<p style=\"text-align: justify;\">\ud83d\udce1 \u00bfD\u00f3nde puedes vernos?\n\n<p style=\"text-align: justify;\">KXAP Canal 38 en se\u00f1al abierta.\nCanales 701 y 1701 del sistema de COX.\n<p style=\"text-align: justify;\">\ud83c\udf1f Estrella TV es m\u00e1s que un canal, es tu ventana a shows \u00fanicos, noticias relevantes y el entretenimiento que amas. Sintoniza y s\u00e9 parte de la comunidad que disfruta de contenido hecho para ti.\n\n<p style=\"text-align: justify;\">\u2728 Estrella TV \u2013 M\u00e1s cerca de ti, con Grupo Teletul. \u2728\n\n\n\n\n\n\n<\/p><\/div><\/div><\/div><\/div><\/div><\/div><\/div>","protected":false},"excerpt":{"rendered":"","protected":false},"author":2,"featured_media":0,"parent":0,"menu_order":0,"comment_status":"closed","ping_status":"closed","template":"","meta":{"_uag_custom_page_level_css":"","footnotes":""},"class_list":["post-33","page","type-page","status-publish"],"uagb_featured_image_src":{"full":false,"thumbnail":false,"medium":false,"medium_large":false,"large":false,"1536x1536":false,"2048x2048":false,"td_218x150":false,"td_324x400":false,"td_485x360":false,"td_696x0":false,"td_1068x0":false,"td_1920x0":false,"td_0x420":false,"td_80x60":false,"td_100x70":false,"td_265x198":false,"td_324x160":false,"td_324x235":false,"td_356x220":false,"td_356x364":false,"td_533x261":false,"td_534x462":false,"td_696x385":false,"td_741x486":false,"td_1068x580":false},"uagb_author_info":{"display_name":"Teletul","author_link":"https:\/\/teletul.com\/web\/author\/teletul\/"},"uagb_comment_info":0,"uagb_excerpt":null,"_links":{"self":[{"href":"https:\/\/teletul.com\/web\/wp-json\/wp\/v2\/pages\/33","targetHints":{"allow":["GET"]}}],"collection":[{"href":"https:\/\/teletul.com\/web\/wp-json\/wp\/v2\/pages"}],"about":[{"href":"https:\/\/teletul.com\/web\/wp-json\/wp\/v2\/types\/page"}],"author":[{"embeddable":true,"href":"https:\/\/teletul.com\/web\/wp-json\/wp\/v2\/users\/2"}],"replies":[{"embeddable":true,"href":"https:\/\/teletul.com\/web\/wp-json\/wp\/v2\/comments?post=33"}],"version-history":[{"count":17,"href":"https:\/\/teletul.com\/web\/wp-json\/wp\/v2\/pages\/33\/revisions"}],"predecessor-version":[{"id":488,"href":"https:\/\/teletul.com\/web\/wp-json\/wp\/v2\/pages\/33\/revisions\/488"}],"wp:attachment":[{"href":"https:\/\/teletul.com\/web\/wp-json\/wp\/v2\/media?parent=33"}],"curies":[{"name":"wp","href":"https:\/\/api.w.org\/{rel}","templated":true}]}}