{"id":38,"date":"2018-04-24T22:12:38","date_gmt":"2018-04-24T22:12:38","guid":{"rendered":"https:\/\/teletul.com\/web\/?page_id=38"},"modified":"2024-12-04T22:53:38","modified_gmt":"2024-12-04T22:53:38","slug":"pantallas","status":"publish","type":"page","link":"https:\/\/teletul.com\/web\/pantallas\/","title":{"rendered":"Cont\u00e1ctanos"},"content":{"rendered":"<div id=\"tdi_1_692\" class=\"tdc-row\"><div class=\"vc_row tdi_2_f60  wpb_row td-pb-row tdc-row-content-vert-center\" >\n<style scoped>\n\n\/* custom css *\/\n.tdi_2_f60{\r\n                    min-height: 0;\r\n                }@media (min-width: 767px) {\r\n                    .tdi_2_f60.tdc-row-content-vert-center,\r\n                    .tdi_2_f60.tdc-row-content-vert-center .tdc-columns {\r\n                        display: flex;\r\n                        align-items: center;\r\n                        flex: 1;\r\n                    }\r\n                    .tdi_2_f60.tdc-row-content-vert-bottom,\r\n                    .tdi_2_f60.tdc-row-content-vert-bottom .tdc-columns {\r\n                        display: flex;\r\n                        align-items: flex-end;\r\n                        flex: 1;\r\n                    }\r\n                    .tdi_2_f60.tdc-row-content-vert-center .td_block_wrap {\r\n                        vertical-align: middle;\r\n                    }\r\n                    .tdi_2_f60.tdc-row-content-vert-bottom .td_block_wrap {\r\n                        vertical-align: bottom;\r\n                    }\r\n                }\n\/* inline tdc_css att *\/\n\n.tdi_2_f60{\nborder-color:rgba(255,255,255,0) !important;\nborder-style:solid !important;\nborder-width:0 !important;\n}\n\n.tdi_2_f60 .td_block_wrap{ text-align:left }\n\n<\/style><div class=\"vc_column tdi_4_e99  wpb_column vc_column_container tdc-column td-pb-span12\">\n<style scoped>\n\n\/* custom css *\/\n.tdi_4_e99{\r\n                    vertical-align: baseline;\r\n                }\n<\/style><div class=\"wpb_wrapper\"><div class=\"tdm_block td_block_wrap tdm_block_inline_text tdi_5_e9e tdm-content-horiz-left td-pb-border-top td_block_template_1\"  data-td-block-uid=\"tdi_5_e9e\" >\n<style>\n\n\/* inline tdc_css att *\/\n\n.tdi_5_e9e{\nborder-color:rgba(0,0,0,0) !important;\njustify-content:center !important;\ntext-align:center !important;\nborder-style:solid !important;\nborder-width:0 !important;\n}\n\n\/* desktop *\/ @media(min-width: 1141px) { .tdi_5_e9e { \ndisplay:block !important;\n} }\n\n<\/style>\n<style>\n\/* custom css *\/\n@import url(\"https:\/\/fonts.googleapis.com\/css?family=Open+Sans:300italic,400,400italic,600,600italic,700|Roboto:300,400,400italic,500,500italic,700,900&display=swap\");\n.tdi_5_e9e .tdm-descr{\r\n\t\t\t\t\tfont-family:Open Sans !important;\r\n\t\t\t\t}\n<\/style><p class=\"tdm-descr\"><p>\"Lleva tu negocio al siguiente nivel con nosotros\" <\/p>                              \n<p>Somos l\u00edderes en conectar marcas con su audiencia a trav\u00e9s de nuestros medios estrat\u00e9gicos.\n\n\n<p>Ll\u00e1manos ahora:\n\ud83d\udcde 918-794-0720<\/p>\nEstamos listos para ayudarte a hacer crecer tu negocio.<\/p>\n\n<p>\u00bfInteresado en anunciar?<\/p>\n\u2709\ufe0f Env\u00edanos un correo a: sales@teletul.com\n<p>Nuestros expertos en publicidad responder\u00e1n a la brevedad.<\/p><\/p><\/div><\/div><\/div><\/div><\/div><div id=\"tdi_6_566\" class=\"tdc-row\"><div class=\"vc_row tdi_7_066  wpb_row td-pb-row\" >\n<style scoped>\n\n\/* custom css *\/\n.tdi_7_066{\r\n                    min-height: 0;\r\n                }\n<\/style><div class=\"vc_column tdi_9_635  wpb_column vc_column_container tdc-column td-pb-span12\">\n<style scoped>\n\n\/* custom css *\/\n.tdi_9_635{\r\n                    vertical-align: baseline;\r\n                }\n<\/style><div class=\"wpb_wrapper\"><div class=\"tdm_block td_block_wrap tdm_block_text_image tdi_10_2e6 tdm-layout-12-12 tdm-content-horiz-center tdm-content-vert-center td-pb-border-top td_block_template_1\"  data-td-block-uid=\"tdi_10_2e6\" >\n<style>\n\/* custom css *\/\n@import url(\"https:\/\/fonts.googleapis.com\/css?family=Open+Sans:300italic,400,400italic,600,600italic,700|Roboto:300,400,400italic,500,500italic,700,900&display=swap\");\n.tdi_10_2e6 .tdm-descr{\r\n\t\t\t\t\tfont-family:Open Sans !important;\r\n\t\t\t\t}\n<\/style><div class=\"td-block-width tdm-fix-full\"><div class=\"td-block-row tdm-row\"><div class=\"td-block-span6 tdm-col\"><div class=\"tdm-text-wrap tdm-text-padding\">\n<style>\n@import url(\"https:\/\/fonts.googleapis.com\/css?family=Open+Sans:300italic,400,400italic,600,600italic,700|Roboto:300,400,400italic,500,500italic,700,900&display=swap\");\n.tdi_11_976 .tdm-title{\r\n\t\t\t\t\tfont-family:Open Sans !important;\r\n\t\t\t\t}\n<\/style><div class=\"tds-title tds-title1 td-fix-index tdi_11_976\"><h3 class=\"tdm-title tdm-title-bg\">Pantallas<\/h3><\/div><p class=\"tdm-descr td-fix-index\">Teletul maneja 14 pantallas LED\u00a0 en el area de Tulsa Oklahoma\u00a0 y  4\u00a0 en la ciudad de Muskogee\u00a0 Oklahoma todas ubicadas estrat\u00e9gicamente en los lugares de mas alta afluencia de las personas hispano parlantes<\/p><\/div><\/div><div class=\"td-block-span6 tdm-col tdm-col-img\"><img decoding=\"async\" class=\"tdm-image td-fix-index\" src=\"https:\/\/teletul.com\/web\/wp-content\/uploads\/2024\/12\/led-sign2.jpg\" alt=\"\"><\/div><\/div><\/div><\/div><\/div><\/div><\/div><\/div>","protected":false},"excerpt":{"rendered":"","protected":false},"author":2,"featured_media":0,"parent":0,"menu_order":0,"comment_status":"closed","ping_status":"closed","template":"","meta":{"_uag_custom_page_level_css":"","footnotes":""},"class_list":["post-38","page","type-page","status-publish"],"uagb_featured_image_src":{"full":false,"thumbnail":false,"medium":false,"medium_large":false,"large":false,"1536x1536":false,"2048x2048":false,"td_218x150":false,"td_324x400":false,"td_485x360":false,"td_696x0":false,"td_1068x0":false,"td_1920x0":false,"td_0x420":false,"td_80x60":false,"td_100x70":false,"td_265x198":false,"td_324x160":false,"td_324x235":false,"td_356x220":false,"td_356x364":false,"td_533x261":false,"td_534x462":false,"td_696x385":false,"td_741x486":false,"td_1068x580":false},"uagb_author_info":{"display_name":"Teletul","author_link":"https:\/\/teletul.com\/web\/author\/teletul\/"},"uagb_comment_info":0,"uagb_excerpt":null,"_links":{"self":[{"href":"https:\/\/teletul.com\/web\/wp-json\/wp\/v2\/pages\/38","targetHints":{"allow":["GET"]}}],"collection":[{"href":"https:\/\/teletul.com\/web\/wp-json\/wp\/v2\/pages"}],"about":[{"href":"https:\/\/teletul.com\/web\/wp-json\/wp\/v2\/types\/page"}],"author":[{"embeddable":true,"href":"https:\/\/teletul.com\/web\/wp-json\/wp\/v2\/users\/2"}],"replies":[{"embeddable":true,"href":"https:\/\/teletul.com\/web\/wp-json\/wp\/v2\/comments?post=38"}],"version-history":[{"count":20,"href":"https:\/\/teletul.com\/web\/wp-json\/wp\/v2\/pages\/38\/revisions"}],"predecessor-version":[{"id":403,"href":"https:\/\/teletul.com\/web\/wp-json\/wp\/v2\/pages\/38\/revisions\/403"}],"wp:attachment":[{"href":"https:\/\/teletul.com\/web\/wp-json\/wp\/v2\/media?parent=38"}],"curies":[{"name":"wp","href":"https:\/\/api.w.org\/{rel}","templated":true}]}}