{"id":40,"date":"2018-04-24T22:16:53","date_gmt":"2018-04-24T22:16:53","guid":{"rendered":"https:\/\/teletul.com\/web\/?page_id=40"},"modified":"2025-01-13T23:11:05","modified_gmt":"2025-01-13T23:11:05","slug":"nosotros","status":"publish","type":"page","link":"https:\/\/teletul.com\/web\/nosotros\/","title":{"rendered":"Nosotros"},"content":{"rendered":"<div id=\"tdi_1_48d\" class=\"tdc-zone\"><div class=\"tdc_zone tdi_2_a8a  wpb_row td-pb-row\"  >\n<style scoped>\n\n\/* custom css *\/\n.tdi_2_a8a{\r\n                    min-height: 0;\r\n                }\n<\/style><div id=\"tdi_3_2b2\" class=\"tdc-row\"><div class=\"vc_row tdi_4_6ba  wpb_row td-pb-row\" >\n<style scoped>\n\n\/* custom css *\/\n.tdi_4_6ba{\r\n                    min-height: 0;\r\n                }\n<\/style><div class=\"vc_column tdi_6_0ae  wpb_column vc_column_container tdc-column td-pb-span12\">\n<style scoped>\n\n\/* custom css *\/\n.tdi_6_0ae{\r\n                    vertical-align: baseline;\r\n                }\n<\/style><div class=\"wpb_wrapper\"><div class=\"tdm_block td_block_wrap tdm_block_column_content tdi_7_fff tdm-content-horiz-center td-pb-border-top td_block_template_1\"  data-td-block-uid=\"tdi_7_fff\" >\n<style>\n\/* custom css *\/\n.tdi_7_fff .tdm-image-holder{\r\n                    padding-bottom: 17%;\r\n                }\n<\/style><div class=\"tdm-image-holder\"><div class=\"tdm-active-img\" style=\"background-image: url(https:\/\/teletul.com\/web\/wp-content\/uploads\/2024\/12\/cropped-banner-logos3sinestrella.jpg)\"><\/div><\/div><div class=\"tdm-col-content-info\">\n<style>\n\n<\/style><div class=\"tds-title tds-title1 td-fix-index tdi_8_5ec\"><h3 class=\"tdm-title tdm-title-md\">Nosotros<\/h3><\/div><p class=\"tdm-descr td-fix-index\">\ud83c\udf1f \u00bfQui\u00e9nes Somos? Conoce a Grupo Teletul \ud83c\udf1f\n\n<p style=\"text-align: justify;\">En Grupo Teletul, somos especialistas en comunicaci\u00f3n, publicidad y mercadotecnia, comprometidos con conectar marcas y audiencias de manera efectiva e innovadora. Nuestro objetivo es ser el puente que une a nuestra comunidad con contenidos y servicios de calidad que marcan la diferencia.<\/p>\n\n<p style=\"text-align: justify;\">\ud83c\udf99\ufe0f Nuestras Estaciones de Radio\nContamos con 3 estaciones que llevan la m\u00fasica y la cultura a cada rinc\u00f3n:\n<p style=\"text-align: justify;\">\u2705 2 estaciones en formato regional mexicano, que conectan con nuestras ra\u00edces y tradici\u00f3n.\n<p style=\"text-align: justify;\">\u2705 1 estaci\u00f3n en formato latino, vibrante y llena de energ\u00eda, para los amantes de la m\u00fasica moderna.<\/p>\n\n<p style=\"text-align: justify;\">\ud83d\udcfa Televisi\u00f3n Local con Estrella TV\nSomos orgullosos distribuidores de la cadena hispana Estrella TV en Tulsa y sus alrededores, brindando programaci\u00f3n entretenida, informativa y hecha para nuestra comunidad.<\/p>\n\n<p style=\"text-align: justify;\">\ud83c\udf06 Pantallas LED Estrat\u00e9gicas\nLa visibilidad de tu marca es nuestra prioridad. Teletul maneja 7 pantallas LED en el \u00e1rea de Tulsa y 4 en Muskogee, Oklahoma, ubicadas en los puntos de mayor afluencia para garantizar que tu mensaje llegue al p\u00fablico correcto.\n\n<p style=\"text-align: justify;\">\ud83c\udf1f En Grupo Teletul, transformamos ideas en conexiones y resultados. \u00bfQuieres dar a conocer tu negocio, marca o evento? Nosotros tenemos las herramientas para hacerlo posible.<\/p>\n\n<p style=\"text-align: justify;\">\ud83d\udcf1 Cont\u00e1ctanos hoy mismo y descubre c\u00f3mo podemos ayudarte a destacar en grande.\n\n<p style=\"text-align: justify;\">\u2728 Grupo Teletul \u2013 Innovando la comunicaci\u00f3n, inspirando a la comunidad. \u2728<\/p><\/div><\/div><\/div><\/div><\/div><\/div><\/div><\/div>","protected":false},"excerpt":{"rendered":"","protected":false},"author":2,"featured_media":0,"parent":0,"menu_order":0,"comment_status":"closed","ping_status":"closed","template":"","meta":{"_uag_custom_page_level_css":"","footnotes":""},"class_list":["post-40","page","type-page","status-publish"],"uagb_featured_image_src":{"full":false,"thumbnail":false,"medium":false,"medium_large":false,"large":false,"1536x1536":false,"2048x2048":false,"td_218x150":false,"td_324x400":false,"td_485x360":false,"td_696x0":false,"td_1068x0":false,"td_1920x0":false,"td_0x420":false,"td_80x60":false,"td_100x70":false,"td_265x198":false,"td_324x160":false,"td_324x235":false,"td_356x220":false,"td_356x364":false,"td_533x261":false,"td_534x462":false,"td_696x385":false,"td_741x486":false,"td_1068x580":false},"uagb_author_info":{"display_name":"Teletul","author_link":"https:\/\/teletul.com\/web\/author\/teletul\/"},"uagb_comment_info":0,"uagb_excerpt":null,"_links":{"self":[{"href":"https:\/\/teletul.com\/web\/wp-json\/wp\/v2\/pages\/40","targetHints":{"allow":["GET"]}}],"collection":[{"href":"https:\/\/teletul.com\/web\/wp-json\/wp\/v2\/pages"}],"about":[{"href":"https:\/\/teletul.com\/web\/wp-json\/wp\/v2\/types\/page"}],"author":[{"embeddable":true,"href":"https:\/\/teletul.com\/web\/wp-json\/wp\/v2\/users\/2"}],"replies":[{"embeddable":true,"href":"https:\/\/teletul.com\/web\/wp-json\/wp\/v2\/comments?post=40"}],"version-history":[{"count":7,"href":"https:\/\/teletul.com\/web\/wp-json\/wp\/v2\/pages\/40\/revisions"}],"predecessor-version":[{"id":487,"href":"https:\/\/teletul.com\/web\/wp-json\/wp\/v2\/pages\/40\/revisions\/487"}],"wp:attachment":[{"href":"https:\/\/teletul.com\/web\/wp-json\/wp\/v2\/media?parent=40"}],"curies":[{"name":"wp","href":"https:\/\/api.w.org\/{rel}","templated":true}]}}